{"id":21,"date":"2020-12-11T13:47:42","date_gmt":"2020-12-11T12:47:42","guid":{"rendered":"http:\/\/terrae-certifications.fr\/?page_id=21"},"modified":"2025-05-26T11:50:49","modified_gmt":"2025-05-26T09:50:49","slug":"contact","status":"publish","type":"page","link":"https:\/\/terrae-certifications.fr\/contact\/","title":{"rendered":"Contact"},"content":{"rendered":"<p><div class=\"fusion-fullwidth fullwidth-box fusion-builder-row-1 fusion-flex-container nonhundred-percent-fullwidth non-hundred-percent-height-scrolling\" style=\"--awb-border-radius-top-left:0px;--awb-border-radius-top-right:0px;--awb-border-radius-bottom-right:0px;--awb-border-radius-bottom-left:0px;--awb-flex-wrap:wrap;\" ><div class=\"fusion-builder-row fusion-row fusion-flex-align-items-flex-start fusion-flex-content-wrap\" style=\"max-width:1248px;margin-left: calc(-4% \/ 2 );margin-right: calc(-4% \/ 2 );\"><div class=\"fusion-layout-column fusion_builder_column fusion-builder-column-0 fusion_builder_column_2_3 2_3 fusion-flex-column\" style=\"--awb-bg-size:cover;--awb-width-large:66.666666666667%;--awb-margin-top-large:0px;--awb-spacing-right-large:2.88%;--awb-margin-bottom-large:20px;--awb-spacing-left-large:2.88%;--awb-width-medium:66.666666666667%;--awb-order-medium:0;--awb-spacing-right-medium:2.88%;--awb-spacing-left-medium:2.88%;--awb-width-small:100%;--awb-order-small:0;--awb-spacing-right-small:1.92%;--awb-spacing-left-small:1.92%;\"><div class=\"fusion-column-wrapper fusion-column-has-shadow fusion-flex-justify-content-flex-start fusion-content-layout-column\"><div class=\"fusion-title title fusion-title-1 sep-underline sep-solid fusion-title-text fusion-title-size-one\" style=\"--awb-text-color:#3a2e87;--awb-margin-top-small:10px;--awb-margin-right-small:0px;--awb-margin-bottom-small:10px;--awb-margin-left-small:0px;--awb-sep-color:#539733;\"><h1 class=\"fusion-title-heading title-heading-left\" style=\"margin:0;\">Vous souhaitez nous contacter ?<\/h1><\/div><\/div><\/div><\/div><\/div><div class=\"fusion-fullwidth fullwidth-box fusion-builder-row-2 fusion-flex-container nonhundred-percent-fullwidth non-hundred-percent-height-scrolling\" style=\"--awb-border-radius-top-left:0px;--awb-border-radius-top-right:0px;--awb-border-radius-bottom-right:0px;--awb-border-radius-bottom-left:0px;--awb-flex-wrap:wrap;\" ><div class=\"fusion-builder-row fusion-row fusion-flex-align-items-flex-start fusion-flex-content-wrap\" style=\"max-width:1248px;margin-left: calc(-4% \/ 2 );margin-right: calc(-4% \/ 2 );\"><div class=\"fusion-layout-column fusion_builder_column fusion-builder-column-1 fusion_builder_column_1_5 1_5 fusion-flex-column\" style=\"--awb-bg-size:cover;--awb-width-large:20%;--awb-margin-top-large:0px;--awb-spacing-right-large:0%;--awb-margin-bottom-large:20px;--awb-spacing-left-large:9.6%;--awb-width-medium:20%;--awb-order-medium:0;--awb-spacing-right-medium:0%;--awb-spacing-left-medium:9.6%;--awb-width-small:100%;--awb-order-small:0;--awb-spacing-right-small:1.92%;--awb-spacing-left-small:1.92%;\"><div class=\"fusion-column-wrapper fusion-column-has-shadow fusion-flex-justify-content-flex-start fusion-content-layout-column\"><div class=\"fusion-image-element \" style=\"text-align:center;--awb-max-width:200px;--awb-caption-title-font-family:var(--h2_typography-font-family);--awb-caption-title-font-weight:var(--h2_typography-font-weight);--awb-caption-title-font-style:var(--h2_typography-font-style);--awb-caption-title-size:var(--h2_typography-font-size);--awb-caption-title-transform:var(--h2_typography-text-transform);--awb-caption-title-line-height:var(--h2_typography-line-height);--awb-caption-title-letter-spacing:var(--h2_typography-letter-spacing);\"><span class=\" fusion-imageframe imageframe-none imageframe-1 hover-type-none\"><img data-opt-id=1777764762  fetchpriority=\"high\" decoding=\"async\" width=\"1000\" height=\"736\" title=\"210525_Logo-Terrae\" src=\"https:\/\/mlqtfustp7ev.i.optimole.com\/w:auto\/h:auto\/q:mauto\/ig:avif\/https:\/\/terrae-certifications.fr\/wp-content\/uploads\/2021\/05\/210525_Logo-Terrae.png\" data-orig-src=\"https:\/\/mlqtfustp7ev.i.optimole.com\/w:auto\/h:auto\/q:mauto\/ig:avif\/https:\/\/terrae-certifications.fr\/wp-content\/uploads\/2021\/05\/210525_Logo-Terrae.png\" alt class=\"lazyload img-responsive wp-image-387\" srcset=\"data:image\/svg+xml,%3Csvg%20xmlns%3D%27http%3A%2F%2Fwww.w3.org%2F2000%2Fsvg%27%20width%3D%271000%27%20height%3D%27736%27%20viewBox%3D%270%200%201000%20736%27%3E%3Crect%20width%3D%271000%27%20height%3D%27736%27%20fill-opacity%3D%220%22%2F%3E%3C%2Fsvg%3E\" data-srcset=\"https:\/\/mlqtfustp7ev.i.optimole.com\/w:200\/h:147\/q:mauto\/ig:avif\/https:\/\/terrae-certifications.fr\/wp-content\/uploads\/2021\/05\/210525_Logo-Terrae.png 200w, https:\/\/mlqtfustp7ev.i.optimole.com\/w:400\/h:294\/q:mauto\/ig:avif\/https:\/\/terrae-certifications.fr\/wp-content\/uploads\/2021\/05\/210525_Logo-Terrae.png 400w, https:\/\/mlqtfustp7ev.i.optimole.com\/w:600\/h:442\/q:mauto\/ig:avif\/https:\/\/terrae-certifications.fr\/wp-content\/uploads\/2021\/05\/210525_Logo-Terrae.png 600w, https:\/\/mlqtfustp7ev.i.optimole.com\/w:800\/h:589\/q:mauto\/ig:avif\/https:\/\/terrae-certifications.fr\/wp-content\/uploads\/2021\/05\/210525_Logo-Terrae.png 800w, https:\/\/mlqtfustp7ev.i.optimole.com\/w:1000\/h:736\/q:mauto\/ig:avif\/https:\/\/terrae-certifications.fr\/wp-content\/uploads\/2021\/05\/210525_Logo-Terrae.png 1000w\" data-sizes=\"auto\" data-orig-sizes=\"(max-width: 640px) 100vw, 400px\" \/><\/span><\/div><div class=\"fusion-text fusion-text-1\" style=\"--awb-margin-top:35px;\"><p align=\"center\"><span style=\"color: #3a2e87; font-size: 14px;\" data-fusion-font=\"true\" data-fusion-google-font=\"Open Sans\" data-fusion-google-variant=\"300\">116 Rue Paul Doumer<\/span><br \/>\n<span style=\"color: #3a2e87; font-size: 14px;\" data-fusion-font=\"true\">10300 Sainte Savine<\/span><\/p>\n<p align=\"center\"><span style=\"color: #3a2e87; font-size: 14px;\" data-fusion-font=\"true\" data-fusion-google-font=\"Open Sans\" data-fusion-google-variant=\"300\">+33 3 25 72 67 23<\/span><br \/>\n<span style=\"color: #3a2e87; font-size: 14px;\" data-fusion-font=\"true\" data-fusion-google-font=\"Open Sans\" data-fusion-google-variant=\"300\">contact@terrae-certifications.fr<\/span><\/p>\n<\/div><\/div><\/div><div class=\"fusion-layout-column fusion_builder_column fusion-builder-column-2 fusion_builder_column_4_5 4_5 fusion-flex-column\" style=\"--awb-bg-size:cover;--awb-width-large:80%;--awb-margin-top-large:0px;--awb-spacing-right-large:2.4%;--awb-margin-bottom-large:20px;--awb-spacing-left-large:2.4%;--awb-width-medium:80%;--awb-order-medium:0;--awb-spacing-right-medium:2.4%;--awb-spacing-left-medium:2.4%;--awb-width-small:100%;--awb-order-small:0;--awb-spacing-right-small:1.92%;--awb-spacing-left-small:1.92%;\"><div class=\"fusion-column-wrapper fusion-column-has-shadow fusion-flex-justify-content-flex-start fusion-content-layout-column\"><div class=\"fusion-form fusion-form-builder fusion-form-form-wrapper fusion-form-475\" style=\"--awb-tooltip-text-color:#ffffff;--awb-tooltip-background-color:#333333;--awb-field-margin-top:5px;--awb-form-input-height:40px;--awb-form-placeholder-color:rgba(91,91,91,0.5);--awb-form-text-color:#5b5b5b;--awb-form-label-color:#3a2e87;--awb-form-border-color:#9b9b9b;--awb-form-focus-border-color:#3a2e87;--awb-form-focus-border-hover-color:rgba(58,46,135,0.5);--awb-form-border-radius:3px;\" data-form-id=\"475\" data-config=\"{&quot;form_id&quot;:&quot;475&quot;,&quot;form_post_id&quot;:&quot;475&quot;,&quot;post_id&quot;:21,&quot;form_type&quot;:&quot;ajax&quot;,&quot;confirmation_type&quot;:&quot;message&quot;,&quot;redirect_url&quot;:&quot;&quot;,&quot;redirect_timeout&quot;:&quot;0&quot;,&quot;field_labels&quot;:{&quot;Nom&quot;:&quot;Nom&quot;,&quot;T\\u00e9l\\u00e9phone&quot;:&quot;T\\u00e9l\\u00e9phone&quot;,&quot;email_address&quot;:&quot;Email&quot;,&quot;message&quot;:&quot;Message&quot;,&quot;rgpd&quot;:&quot;&quot;},&quot;field_logics&quot;:{&quot;Nom&quot;:&quot;&quot;,&quot;T\\u00e9l\\u00e9phone&quot;:&quot;&quot;,&quot;email_address&quot;:&quot;&quot;,&quot;message&quot;:&quot;&quot;,&quot;rgpd&quot;:&quot;&quot;,&quot;submit_1&quot;:&quot;&quot;,&quot;notice_1&quot;:&quot;&quot;},&quot;field_types&quot;:{&quot;Nom&quot;:&quot;text&quot;,&quot;T\\u00e9l\\u00e9phone&quot;:&quot;phone_number&quot;,&quot;email_address&quot;:&quot;email&quot;,&quot;message&quot;:&quot;textarea&quot;,&quot;rgpd&quot;:&quot;checkbox&quot;,&quot;submit_1&quot;:&quot;submit&quot;,&quot;notice_1&quot;:&quot;notice&quot;},&quot;nonce_method&quot;:&quot;ajax&quot;,&quot;form_views&quot;:&quot;ajax&quot;,&quot;form_views_counting&quot;:&quot;all&quot;}\"><form action=\"https:\/\/terrae-certifications.fr\/contact\/\" method=\"post\" class=\"fusion-form fusion-form-475\"><div class=\"fusion-fullwidth fullwidth-box fusion-builder-row-2-1 fusion-flex-container nonhundred-percent-fullwidth non-hundred-percent-height-scrolling\" style=\"--awb-border-radius-top-left:0px;--awb-border-radius-top-right:0px;--awb-border-radius-bottom-right:0px;--awb-border-radius-bottom-left:0px;--awb-flex-wrap:wrap;\" ><div class=\"fusion-builder-row fusion-row fusion-flex-align-items-flex-start fusion-flex-content-wrap\" style=\"width:104% !important;max-width:104% !important;margin-left: calc(-4% \/ 2 );margin-right: calc(-4% \/ 2 );\"><div class=\"fusion-layout-column fusion_builder_column fusion-builder-column-3 fusion_builder_column_1_2 1_2 fusion-flex-column\" style=\"--awb-bg-size:cover;--awb-width-large:50%;--awb-flex-grow:0;--awb-flex-shrink:0;--awb-margin-top-large:0px;--awb-spacing-right-large:3.84%;--awb-margin-bottom-large:0px;--awb-spacing-left-large:3.84%;--awb-width-medium:50%;--awb-order-medium:0;--awb-flex-grow-medium:0;--awb-flex-shrink-medium:0;--awb-spacing-right-medium:3.84%;--awb-spacing-left-medium:3.84%;--awb-width-small:100%;--awb-order-small:0;--awb-flex-grow-small:0;--awb-flex-shrink-small:0;--awb-spacing-right-small:1.92%;--awb-spacing-left-small:1.92%;\"><div class=\"fusion-column-wrapper fusion-column-has-shadow fusion-flex-justify-content-flex-start fusion-content-layout-column\"><div class=\"fusion-form-field fusion-form-text-field fusion-form-label-above\" style=\"\" data-form-id=\"475\"><div class=\"fusion-form-label-wrapper\"><label for=\"Nom\">Nom <abbr class=\"fusion-form-element-required\" title=\"required\">*<\/abbr><\/label><\/div><input type=\"text\" autocomplete=\"off\" name=\"Nom\" id=\"Nom\" value=\"\"  class=\"fusion-form-input\" required=\"true\" aria-required=\"true\" placeholder=\"Nom *\" data-holds-private-data=\"false\" minlength=\"0\"\/><\/div><div class=\"fusion-form-field fusion-form-phone-number-field fusion-form-label-above\" style=\"\" data-form-id=\"475\"><div class=\"fusion-form-label-wrapper\"><label for=\"T\u00e9l\u00e9phone\">T\u00e9l\u00e9phone<\/label><\/div><div class=\"fusion-form-input-with-icon\"><i class=\"awb-form-icon fa-phone fas\"><\/i><input type=\"tel\" autocomplete=\"off\" name=\"T\u00e9l\u00e9phone\" id=\"T\u00e9l\u00e9phone\" value=\"\"  class=\"fusion-form-input\" placeholder=\"T\u00e9l\u00e9phone \" data-holds-private-data=\"false\"\/><\/div><\/div><div class=\"fusion-form-field fusion-form-email-field fusion-form-label-above\" style=\"\" data-form-id=\"475\"><div class=\"fusion-form-label-wrapper\"><label for=\"email_address\">Email <abbr class=\"fusion-form-element-required\" title=\"required\">*<\/abbr><\/label><\/div><div class=\"fusion-form-input-with-icon\"><i class=\"awb-form-icon fa-envelope fas\"><\/i><input type=\"email\" autocomplete=\"off\" name=\"email_address\" id=\"email_address\" value=\"\"  class=\"fusion-form-input\" required=\"true\" aria-required=\"true\" placeholder=\"Email *\" data-holds-private-data=\"false\"\/><\/div><\/div><\/div><\/div><div class=\"fusion-layout-column fusion_builder_column fusion-builder-column-4 fusion_builder_column_1_2 1_2 fusion-flex-column\" style=\"--awb-bg-size:cover;--awb-width-large:50%;--awb-flex-grow:0;--awb-flex-shrink:0;--awb-margin-top-large:0px;--awb-spacing-right-large:3.84%;--awb-margin-bottom-large:0px;--awb-spacing-left-large:3.84%;--awb-width-medium:50%;--awb-order-medium:0;--awb-flex-grow-medium:0;--awb-flex-shrink-medium:0;--awb-spacing-right-medium:3.84%;--awb-spacing-left-medium:3.84%;--awb-width-small:100%;--awb-order-small:0;--awb-flex-grow-small:0;--awb-flex-shrink-small:0;--awb-spacing-right-small:1.92%;--awb-spacing-left-small:1.92%;\"><div class=\"fusion-column-wrapper fusion-column-has-shadow fusion-flex-justify-content-flex-start fusion-content-layout-column\"><div class=\"fusion-form-field fusion-form-textarea-field fusion-form-label-above\" style=\"\" data-form-id=\"475\"><label for=\"message\">Message <abbr class=\"fusion-form-element-required\" title=\"required\">*<\/abbr><\/label><textarea cols=\"40\" autocomplete=\"off\"  minlength=\"0\"  rows=\"8\" tabindex=\"\" id=\"message\" name=\"message\" class=\"fusion-form-input\" required=\"true\" aria-required=\"true\" data-holds-private-data=\"false\"><\/textarea><\/div><\/div><\/div><div class=\"fusion-layout-column fusion_builder_column fusion-builder-column-5 fusion_builder_column_1_1 1_1 fusion-flex-column\" style=\"--awb-bg-size:cover;--awb-width-large:100%;--awb-flex-grow:0;--awb-flex-shrink:0;--awb-margin-top-large:0px;--awb-spacing-right-large:1.92%;--awb-margin-bottom-large:0px;--awb-spacing-left-large:1.92%;--awb-width-medium:100%;--awb-order-medium:0;--awb-flex-grow-medium:0;--awb-flex-shrink-medium:0;--awb-spacing-right-medium:1.92%;--awb-spacing-left-medium:1.92%;--awb-width-small:100%;--awb-order-small:0;--awb-flex-grow-small:0;--awb-flex-shrink-small:0;--awb-spacing-right-small:1.92%;--awb-spacing-left-small:1.92%;\"><div class=\"fusion-column-wrapper fusion-column-has-shadow fusion-flex-justify-content-flex-start fusion-content-layout-column\"><div class=\"fusion-form-field fusion-form-checkbox-field fusion-form-label-above\" style=\"\" data-form-id=\"475\"><fieldset><div class=\"fusion-form-checkbox\"><input tabindex=\"\" id=\"checkbox-rgpd-1-0\" type=\"checkbox\" value=\"En cochant cette case, vous acceptez que ces donn\u00e9es soient conserv\u00e9es pendant une dur\u00e9e de 3 ans.\" name=\"rgpd[]\" class=\"fusion-form-input\" required=\"true\" aria-required=\"true\" data-holds-private-data=\"false\"\/><label for=\"checkbox-rgpd-1-0\">En cochant cette case, vous acceptez que ces donn\u00e9es soient conserv\u00e9es pendant une dur\u00e9e de 3 ans.<\/label><\/div><\/fieldset><\/div><div class=\"fusion-form-field fusion-form-submit-field fusion-form-label-above\" style=\"\" data-form-id=\"475\"><div style=\"text-align:left;\"><button type=\"submit\" class=\"fusion-button button-flat button-medium button-custom fusion-button-default button-1 fusion-button-default-span  button-default form-form-submit\" style=\"--button_bevel_color:#8bc34a;--button_accent_color:#3a2e87;--button_accent_hover_color:#8bc34a;--button_border_hover_color:#8bc34a;--button_gradient_top_color:#ffffff;--button_gradient_bottom_color:#ffffff;--button_gradient_top_color_hover:#ffffff;--button_gradient_bottom_color_hover:#ffffff;\" data-form-number=\"475\" tabindex=\"\"><span class=\"fusion-button-text awb-button__text awb-button__text--default\">Envoyez<\/span><\/button><\/div><\/div><div class=\"form-submission-notices data-notice_1\" id=\"fusion-notices-1\" data-instance=\"1\"><div class=\"fusion-alert alert success alert-success fusion-alert-center fusion-form-response fusion-form-response-success awb-alert-native-link-color alert-dismissable awb-alert-close-boxed\" role=\"alert\"><div class=\"fusion-alert-content-wrapper\"><span class=\"alert-icon\"><i class=\"awb-icon-check-circle\" aria-hidden=\"true\"><\/i><\/span><span class=\"fusion-alert-content\">Merci pour votre message, nous allons le traiter dans les plus bref d\u00e9lais.<\/span><\/div><button type=\"button\" class=\"close toggle-alert\" data-dismiss=\"alert\" aria-label=\"Close\">&times;<\/button><\/div><div class=\"fusion-alert alert error alert-danger fusion-alert-center fusion-form-response fusion-form-response-error awb-alert-native-link-color alert-dismissable awb-alert-close-boxed\" role=\"alert\"><div class=\"fusion-alert-content-wrapper\"><span class=\"alert-icon\"><i class=\"awb-icon-exclamation-triangle\" aria-hidden=\"true\"><\/i><\/span><span class=\"fusion-alert-content\">Il y eu une erreur lors de l'envoi de votre message, veuillez r\u00e9essayer.<\/span><\/div><button type=\"button\" class=\"close toggle-alert\" data-dismiss=\"alert\" aria-label=\"Close\">&times;<\/button><\/div><\/div><\/div><\/div><\/div><\/div><input type=\"hidden\" name=\"fusion_privacy_expiration_interval\" value=\"48\"><input type=\"hidden\" name=\"privacy_expiration_action\" value=\"anonymize\"><\/form><\/div><\/div><\/div><\/div><\/div><div class=\"fusion-fullwidth fullwidth-box fusion-builder-row-3 fusion-flex-container nonhundred-percent-fullwidth non-hundred-percent-height-scrolling\" style=\"--awb-border-radius-top-left:0px;--awb-border-radius-top-right:0px;--awb-border-radius-bottom-right:0px;--awb-border-radius-bottom-left:0px;--awb-flex-wrap:wrap;\" ><div class=\"fusion-builder-row fusion-row fusion-flex-align-items-flex-start fusion-flex-content-wrap\" style=\"max-width:1248px;margin-left: calc(-4% \/ 2 );margin-right: calc(-4% \/ 2 );\"><div class=\"fusion-layout-column fusion_builder_column fusion-builder-column-6 fusion_builder_column_1_1 1_1 fusion-flex-column\" style=\"--awb-bg-size:cover;--awb-width-large:100%;--awb-flex-grow:0;--awb-flex-shrink:0;--awb-margin-top-large:0px;--awb-spacing-right-large:1.92%;--awb-margin-bottom-large:20px;--awb-spacing-left-large:1.92%;--awb-width-medium:100%;--awb-order-medium:0;--awb-flex-grow-medium:0;--awb-flex-shrink-medium:0;--awb-spacing-right-medium:1.92%;--awb-spacing-left-medium:1.92%;--awb-width-small:100%;--awb-order-small:0;--awb-flex-grow-small:0;--awb-flex-shrink-small:0;--awb-spacing-right-small:1.92%;--awb-spacing-left-small:1.92%;\"><div class=\"fusion-column-wrapper fusion-column-has-shadow fusion-flex-justify-content-flex-start fusion-content-layout-column\"><div class=\"fusion-text fusion-text-2\" style=\"--awb-content-alignment:left;--awb-font-size:10px;--awb-text-transform:none;--awb-text-font-family:&quot;Open Sans&quot;;--awb-text-font-style:italic;--awb-text-font-weight:400;\"><p>Les r\u00e9ponses aux rubriques \u00ab nom \u00bb, \u00ab email \u00bb et \u00ab message \u00bb sont obligatoires et n\u00e9cessaires pour r\u00e9pondre \u00e0 votre demande. Les r\u00e9ponses aux autres rubriques sont facultatives.<br \/>\nLes informations collect\u00e9es sont trait\u00e9es conform\u00e9ment \u00e0 la politique de confidentialit\u00e9 du Site accessible \u00e0 <a href=\"https:\/\/terrae-certifications.fr\/index.php\/politique-de-confidentialite-2\/\" data-fusion-font=\"true\">Politique de Confidentialit\u00e9.<\/a><br \/>\n<span style=\"line-height: 2px;\" data-fusion-font=\"true\"><br \/>\nConform\u00e9ment \u00e0 la loi n\u00b0 78-17 du 6 janvier 1978 relative \u00e0 l&rsquo;informatique, aux fichiers et aux libert\u00e9s telle que modifi\u00e9e, et au R\u00e8glement (UE) 2016\/679 du Parlement Europ\u00e9en et du Conseil du 27 avril 2016, vous pouvez exercer votre droit d\u2019acc\u00e8s, de rectification, d\u2019opposition, d\u2019effacement et de portabilit\u00e9 en envoyant une demande \u00e9crite accompagn\u00e9e d\u2019un justificatif d\u2019identit\u00e9 valide \u00e0 Terrae \u2013 116 Rue Paul Doumer 10300 SAINTE-SAVINE.<\/span><\/p>\n<div id=\"sconnect-is-installed\" style=\"display: none;\"><\/div>\n<div id=\"sconnect-is-installed\" style=\"display: none;\"><\/div>\n<\/div><\/div><\/div><\/div><\/div><\/p>\n","protected":false},"excerpt":{"rendered":"","protected":false},"author":1,"featured_media":0,"parent":0,"menu_order":0,"comment_status":"closed","ping_status":"closed","template":"100-width.php","meta":{"footnotes":""},"class_list":["post-21","page","type-page","status-publish","hentry"],"yoast_head":"<!-- This site is optimized with the Yoast SEO plugin v27.4 - https:\/\/yoast.com\/product\/yoast-seo-wordpress\/ -->\n<title>Contact - Terrae Certifications<\/title>\n<meta name=\"robots\" content=\"index, follow, max-snippet:-1, max-image-preview:large, max-video-preview:-1\" \/>\n<link rel=\"canonical\" href=\"https:\/\/terrae-certifications.fr\/contact\/\" \/>\n<meta property=\"og:locale\" content=\"fr_FR\" \/>\n<meta property=\"og:type\" content=\"article\" \/>\n<meta property=\"og:title\" content=\"Contact - Terrae Certifications\" \/>\n<meta property=\"og:url\" content=\"https:\/\/terrae-certifications.fr\/contact\/\" \/>\n<meta property=\"og:site_name\" content=\"Terrae Certifications\" \/>\n<meta property=\"article:modified_time\" content=\"2025-05-26T09:50:49+00:00\" \/>\n<meta name=\"twitter:card\" content=\"summary_large_image\" \/>\n<meta name=\"twitter:label1\" content=\"Dur\u00e9e de lecture estim\u00e9e\" \/>\n\t<meta name=\"twitter:data1\" content=\"2 minutes\" \/>\n<script type=\"application\/ld+json\" class=\"yoast-schema-graph\">{\"@context\":\"https:\\\/\\\/schema.org\",\"@graph\":[{\"@type\":\"WebPage\",\"@id\":\"https:\\\/\\\/terrae-certifications.fr\\\/contact\\\/\",\"url\":\"https:\\\/\\\/terrae-certifications.fr\\\/contact\\\/\",\"name\":\"Contact - Terrae Certifications\",\"isPartOf\":{\"@id\":\"https:\\\/\\\/terrae-certifications.fr\\\/#website\"},\"datePublished\":\"2020-12-11T12:47:42+00:00\",\"dateModified\":\"2025-05-26T09:50:49+00:00\",\"breadcrumb\":{\"@id\":\"https:\\\/\\\/terrae-certifications.fr\\\/contact\\\/#breadcrumb\"},\"inLanguage\":\"fr-FR\",\"potentialAction\":[{\"@type\":\"ReadAction\",\"target\":[\"https:\\\/\\\/terrae-certifications.fr\\\/contact\\\/\"]}]},{\"@type\":\"BreadcrumbList\",\"@id\":\"https:\\\/\\\/terrae-certifications.fr\\\/contact\\\/#breadcrumb\",\"itemListElement\":[{\"@type\":\"ListItem\",\"position\":1,\"name\":\"Accueil\",\"item\":\"https:\\\/\\\/terrae-certifications.fr\\\/\"},{\"@type\":\"ListItem\",\"position\":2,\"name\":\"Contact\"}]},{\"@type\":\"WebSite\",\"@id\":\"https:\\\/\\\/terrae-certifications.fr\\\/#website\",\"url\":\"https:\\\/\\\/terrae-certifications.fr\\\/\",\"name\":\"Terrae Certifications\",\"description\":\"\",\"publisher\":{\"@id\":\"https:\\\/\\\/terrae-certifications.fr\\\/#organization\"},\"potentialAction\":[{\"@type\":\"SearchAction\",\"target\":{\"@type\":\"EntryPoint\",\"urlTemplate\":\"https:\\\/\\\/terrae-certifications.fr\\\/?s={search_term_string}\"},\"query-input\":{\"@type\":\"PropertyValueSpecification\",\"valueRequired\":true,\"valueName\":\"search_term_string\"}}],\"inLanguage\":\"fr-FR\"},{\"@type\":\"Organization\",\"@id\":\"https:\\\/\\\/terrae-certifications.fr\\\/#organization\",\"name\":\"Terrae-certifications\",\"url\":\"https:\\\/\\\/terrae-certifications.fr\\\/\",\"logo\":{\"@type\":\"ImageObject\",\"inLanguage\":\"fr-FR\",\"@id\":\"https:\\\/\\\/terrae-certifications.fr\\\/#\\\/schema\\\/logo\\\/image\\\/\",\"url\":\"https:\\/\\/terrae-certifications.fr\\/wp-content\\/uploads\\/2021\\/06\\/210525_Logo-Terrae-2000x1224-1.png\",\"contentUrl\":\"https:\\/\\/terrae-certifications.fr\\/wp-content\\/uploads\\/2021\\/06\\/210525_Logo-Terrae-2000x1224-1.png\",\"width\":2000,\"height\":1224,\"caption\":\"Terrae-certifications\"},\"image\":{\"@id\":\"https:\\\/\\\/terrae-certifications.fr\\\/#\\\/schema\\\/logo\\\/image\\\/\"}}]}<\/script>\n<!-- \/ Yoast SEO plugin. -->","yoast_head_json":{"title":"Contact - Terrae Certifications","robots":{"index":"index","follow":"follow","max-snippet":"max-snippet:-1","max-image-preview":"max-image-preview:large","max-video-preview":"max-video-preview:-1"},"canonical":"https:\/\/terrae-certifications.fr\/contact\/","og_locale":"fr_FR","og_type":"article","og_title":"Contact - Terrae Certifications","og_url":"https:\/\/terrae-certifications.fr\/contact\/","og_site_name":"Terrae Certifications","article_modified_time":"2025-05-26T09:50:49+00:00","twitter_card":"summary_large_image","twitter_misc":{"Dur\u00e9e de lecture estim\u00e9e":"2 minutes"},"schema":{"@context":"https:\/\/schema.org","@graph":[{"@type":"WebPage","@id":"https:\/\/terrae-certifications.fr\/contact\/","url":"https:\/\/terrae-certifications.fr\/contact\/","name":"Contact - Terrae Certifications","isPartOf":{"@id":"https:\/\/terrae-certifications.fr\/#website"},"datePublished":"2020-12-11T12:47:42+00:00","dateModified":"2025-05-26T09:50:49+00:00","breadcrumb":{"@id":"https:\/\/terrae-certifications.fr\/contact\/#breadcrumb"},"inLanguage":"fr-FR","potentialAction":[{"@type":"ReadAction","target":["https:\/\/terrae-certifications.fr\/contact\/"]}]},{"@type":"BreadcrumbList","@id":"https:\/\/terrae-certifications.fr\/contact\/#breadcrumb","itemListElement":[{"@type":"ListItem","position":1,"name":"Accueil","item":"https:\/\/terrae-certifications.fr\/"},{"@type":"ListItem","position":2,"name":"Contact"}]},{"@type":"WebSite","@id":"https:\/\/terrae-certifications.fr\/#website","url":"https:\/\/terrae-certifications.fr\/","name":"Terrae Certifications","description":"","publisher":{"@id":"https:\/\/terrae-certifications.fr\/#organization"},"potentialAction":[{"@type":"SearchAction","target":{"@type":"EntryPoint","urlTemplate":"https:\/\/terrae-certifications.fr\/?s={search_term_string}"},"query-input":{"@type":"PropertyValueSpecification","valueRequired":true,"valueName":"search_term_string"}}],"inLanguage":"fr-FR"},{"@type":"Organization","@id":"https:\/\/terrae-certifications.fr\/#organization","name":"Terrae-certifications","url":"https:\/\/terrae-certifications.fr\/","logo":{"@type":"ImageObject","inLanguage":"fr-FR","@id":"https:\/\/terrae-certifications.fr\/#\/schema\/logo\/image\/","url":"https:\/\/mlqtfustp7ev.i.optimole.com\/w:auto\/h:auto\/q:mauto\/ig:avif\/https:\/\/terrae-certifications.fr\/wp-content\/uploads\/2021\/06\/210525_Logo-Terrae-2000x1224-1.png","contentUrl":"https:\/\/mlqtfustp7ev.i.optimole.com\/w:auto\/h:auto\/q:mauto\/ig:avif\/https:\/\/terrae-certifications.fr\/wp-content\/uploads\/2021\/06\/210525_Logo-Terrae-2000x1224-1.png","width":2000,"height":1224,"caption":"Terrae-certifications"},"image":{"@id":"https:\/\/terrae-certifications.fr\/#\/schema\/logo\/image\/"}}]}},"_links":{"self":[{"href":"https:\/\/terrae-certifications.fr\/wp-json\/wp\/v2\/pages\/21","targetHints":{"allow":["GET"]}}],"collection":[{"href":"https:\/\/terrae-certifications.fr\/wp-json\/wp\/v2\/pages"}],"about":[{"href":"https:\/\/terrae-certifications.fr\/wp-json\/wp\/v2\/types\/page"}],"author":[{"embeddable":true,"href":"https:\/\/terrae-certifications.fr\/wp-json\/wp\/v2\/users\/1"}],"replies":[{"embeddable":true,"href":"https:\/\/terrae-certifications.fr\/wp-json\/wp\/v2\/comments?post=21"}],"version-history":[{"count":6,"href":"https:\/\/terrae-certifications.fr\/wp-json\/wp\/v2\/pages\/21\/revisions"}],"predecessor-version":[{"id":1796,"href":"https:\/\/terrae-certifications.fr\/wp-json\/wp\/v2\/pages\/21\/revisions\/1796"}],"wp:attachment":[{"href":"https:\/\/terrae-certifications.fr\/wp-json\/wp\/v2\/media?parent=21"}],"curies":[{"name":"wp","href":"https:\/\/api.w.org\/{rel}","templated":true}]}}