{"id":875,"date":"2021-06-25T14:24:23","date_gmt":"2021-06-25T12:24:23","guid":{"rendered":"http:\/\/terrae-certifications.fr\/?page_id=875"},"modified":"2021-06-25T15:33:33","modified_gmt":"2021-06-25T13:33:33","slug":"politiques-de-cookies","status":"publish","type":"page","link":"https:\/\/terrae-certifications.fr\/politiques-de-cookies\/","title":{"rendered":"Politiques de cookies"},"content":{"rendered":"<p><div class=\"fusion-fullwidth fullwidth-box fusion-builder-row-1 fusion-flex-container nonhundred-percent-fullwidth non-hundred-percent-height-scrolling\" style=\"--awb-border-radius-top-left:0px;--awb-border-radius-top-right:0px;--awb-border-radius-bottom-right:0px;--awb-border-radius-bottom-left:0px;--awb-flex-wrap:wrap;\" ><div class=\"fusion-builder-row fusion-row fusion-flex-align-items-center fusion-flex-content-wrap\" style=\"max-width:1248px;margin-left: calc(-4% \/ 2 );margin-right: calc(-4% \/ 2 );\"><div class=\"fusion-layout-column fusion_builder_column fusion-builder-column-0 fusion_builder_column_4_5 4_5 fusion-flex-column\" style=\"--awb-bg-size:cover;--awb-width-large:80%;--awb-margin-top-large:0px;--awb-spacing-right-large:2.4%;--awb-margin-bottom-large:20px;--awb-spacing-left-large:2.4%;--awb-width-medium:80%;--awb-order-medium:0;--awb-spacing-right-medium:2.4%;--awb-spacing-left-medium:2.4%;--awb-width-small:100%;--awb-order-small:0;--awb-spacing-right-small:1.92%;--awb-spacing-left-small:1.92%;\"><div class=\"fusion-column-wrapper fusion-column-has-shadow fusion-flex-justify-content-flex-start fusion-content-layout-column\"><div class=\"fusion-title title fusion-title-1 sep-underline sep-solid fusion-title-text fusion-title-size-one\" style=\"--awb-text-color:#3a2e87;--awb-margin-top-small:10px;--awb-margin-right-small:0px;--awb-margin-bottom-small:10px;--awb-margin-left-small:0px;--awb-sep-color:#8bc34a;\"><h1 class=\"fusion-title-heading title-heading-left\" style=\"margin:0;line-height:62px;\">Politique de<br \/>gestion des cookies<br \/><\/h1><\/div><\/div><\/div><\/div><\/div><div class=\"fusion-fullwidth fullwidth-box fusion-builder-row-2 fusion-flex-container nonhundred-percent-fullwidth non-hundred-percent-height-scrolling\" style=\"--awb-border-radius-top-left:0px;--awb-border-radius-top-right:0px;--awb-border-radius-bottom-right:0px;--awb-border-radius-bottom-left:0px;--awb-flex-wrap:wrap;\" ><div class=\"fusion-builder-row fusion-row fusion-flex-align-items-flex-start fusion-flex-content-wrap\" style=\"max-width:1248px;margin-left: calc(-4% \/ 2 );margin-right: calc(-4% \/ 2 );\"><div class=\"fusion-layout-column fusion_builder_column fusion-builder-column-1 fusion_builder_column_4_5 4_5 fusion-flex-column\" style=\"--awb-bg-size:cover;--awb-width-large:80%;--awb-margin-top-large:0px;--awb-spacing-right-large:2.4%;--awb-margin-bottom-large:20px;--awb-spacing-left-large:2.4%;--awb-width-medium:80%;--awb-order-medium:0;--awb-spacing-right-medium:2.4%;--awb-spacing-left-medium:2.4%;--awb-width-small:100%;--awb-order-small:0;--awb-spacing-right-small:1.92%;--awb-spacing-left-small:1.92%;\"><div class=\"fusion-column-wrapper fusion-column-has-shadow fusion-flex-justify-content-flex-start fusion-content-layout-column\"><div class=\"fusion-text fusion-text-1\" style=\"--awb-font-size:16px;--awb-line-height:30px;--awb-text-font-family:&quot;Open Sans&quot;;\"><p>Des cookies sont utilis\u00e9s pour obtenir des informations et sont d\u00e9pos\u00e9s sur vos appareils (ordinateur, mobile ou tablette) lors de votre visite sur notre Site Internet. La pr\u00e9sente politique vous apporte les informations n\u00e9cessaires pour mieux comprendre les cookies et savoir comment les param\u00e9trer.<\/p>\n<p><b>Qu&rsquo;est ce qu&rsquo;un cookie ?<\/b><\/p>\n<p>Un \u00ab\u00a0cookie\u00a0\u00bb est un petit fichier texte qui peut \u00eatre utilis\u00e9s par les sites Web pour rendre l&rsquo;exp\u00e9rience utilisateur plus efficace. Il sera g\u00e9n\u00e9ralement transmis \u00e0 votre navigateur par un site web sur lequel vous vous connectez. Votre navigateur web le conservera pendant une dur\u00e9e r\u00e9glementaire de 13 mois maximum, et le renverra au serveur web chaque fois que vous vous y reconnecterez. <\/p>\n<p><b>A quoi servent les cookies ?<\/b><\/p>\n<p>Les cookies permettent au site de vous reconnaitre et de conserver des informations sp\u00e9cifiques \u00e0 votre sujet, comme vos donn\u00e9es de connexion ou vos pr\u00e9f\u00e9rences linguistiques, et ce, afin que vous n\u2019ayez pas \u00e0 vous r\u00e9-enregistrer \u00e0 chaque visite.<\/p>\n<p>Dans de nombreux cas, les cookies sont indispensables pour que le site puisse fonctionner correctement.<\/p>\n<div><b>Quels sont les Cookies utilis\u00e9s sur ce site ? <br \/><\/b><\/div>\n<div>\n<\/div>\n<p>Nous utilisons Google Analytics, un service d&rsquo;analyse Web fourni par Google Inc. (Google), qui utilise des cookies pour \u00e9tudier l&rsquo;utilisation du site Web, afin d&rsquo;am\u00e9liorer votre exp\u00e9rience de nos syst\u00e8mes.<\/p>\n<p><b>Comment param\u00e9trer les cookies ?<\/b><\/p>\n<p>Vous avez la possibilit\u00e9 d\u2019accepter ou de refuser les cookies au cas par cas ou de les refuser une fois pour toutes en param\u00e9trant votre navigateur. Si vous choisissez de refuser l\u2019ensemble des cookies, la navigation acc\u00e9dant \u00e0 certaines pages du sites web pourrait \u00eatre r\u00e9duite.<\/p>\n<p>Vous pouvez \u00e0 tout moment choisir de d\u00e9sactiver tout ou partie des cookies. Votre navigateur peut \u00e9galement \u00eatre param\u00e9tr\u00e9 pour vous signaler les cookies d\u00e9pos\u00e9s dans votre terminal et vous demander de les accepter ou non (au cas par cas ou en totalit\u00e9). Nous vous rappelons toutefois que la d\u00e9sactivation de tous les cookies vous emp\u00eachera d\u2019utiliser nos sites d\u2019une fa\u00e7on optimale.<\/p>\n<p>La configuration de chaque navigateur est diff\u00e9rente, elle est d\u00e9crite dans le menu d\u2019aide du navigateur qui vous permettra de savoir de quelle mani\u00e8re modifier vos souhaits en mati\u00e8re de cookies :<\/p>\n<p>    Pour Internet Explorer\u2122 : ouvrez le menu Outils, puis s\u00e9lectionnez Options internet ; cliquez sur l\u2019onglet Confidentialit\u00e9 puis choisissez le niveau souhait\u00e9,<\/p>\n<p>    Pour Firefox\u2122 : ouvrez le menu Outils, puis s\u00e9lectionnez Options ; cliquez sur l\u2019onglet Vie priv\u00e9e puis choisissez les options souhait\u00e9es,<\/p>\n<p>    Pour Chrome\u2122 : ouvrez le menu de configuration (logo cl\u00e9 \u00e0 molettes), puis s\u00e9lectionnez Param\u00e8tres ; cliquez sur Param\u00e8tres avanc\u00e9s puis sur Param\u00e8tres de contenu, puis choisissez les options souhait\u00e9es,<\/p>\n<p>    Pour Safari\u2122 : choisissez Safari &gt; Pr\u00e9f\u00e9rences puis cliquez sur S\u00e9curit\u00e9 ; cliquez sur Afficher les cookies puis choisissez les options souhait\u00e9es<\/p>\n<p>Nous vous informons qu\u2019en param\u00e9trant votre navigateur pour refuser les cookies, certain(e)s fonctionnalit\u00e9s, pages, espaces du Site ne seront pas accessibles, ce dont nous ne saurions \u00eatre responsables.<\/p>\n<\/div><\/div><\/div><\/div><\/div><\/p>\n","protected":false},"excerpt":{"rendered":"","protected":false},"author":1,"featured_media":0,"parent":0,"menu_order":0,"comment_status":"closed","ping_status":"closed","template":"","meta":{"footnotes":""},"class_list":["post-875","page","type-page","status-publish","hentry"],"yoast_head":"<!-- This site is optimized with the Yoast SEO plugin v27.4 - https:\/\/yoast.com\/product\/yoast-seo-wordpress\/ -->\n<title>Politiques de cookies - Terrae Certifications<\/title>\n<meta name=\"robots\" content=\"index, follow, max-snippet:-1, max-image-preview:large, max-video-preview:-1\" \/>\n<link rel=\"canonical\" href=\"https:\/\/terrae-certifications.fr\/politiques-de-cookies\/\" \/>\n<meta property=\"og:locale\" content=\"fr_FR\" \/>\n<meta property=\"og:type\" content=\"article\" \/>\n<meta property=\"og:title\" content=\"Politiques de cookies - Terrae Certifications\" \/>\n<meta property=\"og:url\" content=\"https:\/\/terrae-certifications.fr\/politiques-de-cookies\/\" \/>\n<meta property=\"og:site_name\" content=\"Terrae Certifications\" \/>\n<meta property=\"article:modified_time\" content=\"2021-06-25T13:33:33+00:00\" \/>\n<meta name=\"twitter:card\" content=\"summary_large_image\" \/>\n<meta name=\"twitter:label1\" content=\"Dur\u00e9e de lecture estim\u00e9e\" \/>\n\t<meta name=\"twitter:data1\" content=\"8 minutes\" \/>\n<script type=\"application\/ld+json\" class=\"yoast-schema-graph\">{\"@context\":\"https:\\\/\\\/schema.org\",\"@graph\":[{\"@type\":\"WebPage\",\"@id\":\"https:\\\/\\\/terrae-certifications.fr\\\/politiques-de-cookies\\\/\",\"url\":\"https:\\\/\\\/terrae-certifications.fr\\\/politiques-de-cookies\\\/\",\"name\":\"Politiques de cookies - Terrae Certifications\",\"isPartOf\":{\"@id\":\"https:\\\/\\\/terrae-certifications.fr\\\/#website\"},\"datePublished\":\"2021-06-25T12:24:23+00:00\",\"dateModified\":\"2021-06-25T13:33:33+00:00\",\"breadcrumb\":{\"@id\":\"https:\\\/\\\/terrae-certifications.fr\\\/politiques-de-cookies\\\/#breadcrumb\"},\"inLanguage\":\"fr-FR\",\"potentialAction\":[{\"@type\":\"ReadAction\",\"target\":[\"https:\\\/\\\/terrae-certifications.fr\\\/politiques-de-cookies\\\/\"]}]},{\"@type\":\"BreadcrumbList\",\"@id\":\"https:\\\/\\\/terrae-certifications.fr\\\/politiques-de-cookies\\\/#breadcrumb\",\"itemListElement\":[{\"@type\":\"ListItem\",\"position\":1,\"name\":\"Accueil\",\"item\":\"https:\\\/\\\/terrae-certifications.fr\\\/\"},{\"@type\":\"ListItem\",\"position\":2,\"name\":\"Politiques de cookies\"}]},{\"@type\":\"WebSite\",\"@id\":\"https:\\\/\\\/terrae-certifications.fr\\\/#website\",\"url\":\"https:\\\/\\\/terrae-certifications.fr\\\/\",\"name\":\"Terrae Certifications\",\"description\":\"\",\"publisher\":{\"@id\":\"https:\\\/\\\/terrae-certifications.fr\\\/#organization\"},\"potentialAction\":[{\"@type\":\"SearchAction\",\"target\":{\"@type\":\"EntryPoint\",\"urlTemplate\":\"https:\\\/\\\/terrae-certifications.fr\\\/?s={search_term_string}\"},\"query-input\":{\"@type\":\"PropertyValueSpecification\",\"valueRequired\":true,\"valueName\":\"search_term_string\"}}],\"inLanguage\":\"fr-FR\"},{\"@type\":\"Organization\",\"@id\":\"https:\\\/\\\/terrae-certifications.fr\\\/#organization\",\"name\":\"Terrae-certifications\",\"url\":\"https:\\\/\\\/terrae-certifications.fr\\\/\",\"logo\":{\"@type\":\"ImageObject\",\"inLanguage\":\"fr-FR\",\"@id\":\"https:\\\/\\\/terrae-certifications.fr\\\/#\\\/schema\\\/logo\\\/image\\\/\",\"url\":\"https:\\/\\/terrae-certifications.fr\\/wp-content\\/uploads\\/2021\\/06\\/210525_Logo-Terrae-2000x1224-1.png\",\"contentUrl\":\"https:\\/\\/terrae-certifications.fr\\/wp-content\\/uploads\\/2021\\/06\\/210525_Logo-Terrae-2000x1224-1.png\",\"width\":2000,\"height\":1224,\"caption\":\"Terrae-certifications\"},\"image\":{\"@id\":\"https:\\\/\\\/terrae-certifications.fr\\\/#\\\/schema\\\/logo\\\/image\\\/\"}}]}<\/script>\n<!-- \/ Yoast SEO plugin. -->","yoast_head_json":{"title":"Politiques de cookies - Terrae Certifications","robots":{"index":"index","follow":"follow","max-snippet":"max-snippet:-1","max-image-preview":"max-image-preview:large","max-video-preview":"max-video-preview:-1"},"canonical":"https:\/\/terrae-certifications.fr\/politiques-de-cookies\/","og_locale":"fr_FR","og_type":"article","og_title":"Politiques de cookies - Terrae Certifications","og_url":"https:\/\/terrae-certifications.fr\/politiques-de-cookies\/","og_site_name":"Terrae Certifications","article_modified_time":"2021-06-25T13:33:33+00:00","twitter_card":"summary_large_image","twitter_misc":{"Dur\u00e9e de lecture estim\u00e9e":"8 minutes"},"schema":{"@context":"https:\/\/schema.org","@graph":[{"@type":"WebPage","@id":"https:\/\/terrae-certifications.fr\/politiques-de-cookies\/","url":"https:\/\/terrae-certifications.fr\/politiques-de-cookies\/","name":"Politiques de cookies - Terrae Certifications","isPartOf":{"@id":"https:\/\/terrae-certifications.fr\/#website"},"datePublished":"2021-06-25T12:24:23+00:00","dateModified":"2021-06-25T13:33:33+00:00","breadcrumb":{"@id":"https:\/\/terrae-certifications.fr\/politiques-de-cookies\/#breadcrumb"},"inLanguage":"fr-FR","potentialAction":[{"@type":"ReadAction","target":["https:\/\/terrae-certifications.fr\/politiques-de-cookies\/"]}]},{"@type":"BreadcrumbList","@id":"https:\/\/terrae-certifications.fr\/politiques-de-cookies\/#breadcrumb","itemListElement":[{"@type":"ListItem","position":1,"name":"Accueil","item":"https:\/\/terrae-certifications.fr\/"},{"@type":"ListItem","position":2,"name":"Politiques de cookies"}]},{"@type":"WebSite","@id":"https:\/\/terrae-certifications.fr\/#website","url":"https:\/\/terrae-certifications.fr\/","name":"Terrae Certifications","description":"","publisher":{"@id":"https:\/\/terrae-certifications.fr\/#organization"},"potentialAction":[{"@type":"SearchAction","target":{"@type":"EntryPoint","urlTemplate":"https:\/\/terrae-certifications.fr\/?s={search_term_string}"},"query-input":{"@type":"PropertyValueSpecification","valueRequired":true,"valueName":"search_term_string"}}],"inLanguage":"fr-FR"},{"@type":"Organization","@id":"https:\/\/terrae-certifications.fr\/#organization","name":"Terrae-certifications","url":"https:\/\/terrae-certifications.fr\/","logo":{"@type":"ImageObject","inLanguage":"fr-FR","@id":"https:\/\/terrae-certifications.fr\/#\/schema\/logo\/image\/","url":"https:\/\/mlqtfustp7ev.i.optimole.com\/w:auto\/h:auto\/q:mauto\/ig:avif\/https:\/\/terrae-certifications.fr\/wp-content\/uploads\/2021\/06\/210525_Logo-Terrae-2000x1224-1.png","contentUrl":"https:\/\/mlqtfustp7ev.i.optimole.com\/w:auto\/h:auto\/q:mauto\/ig:avif\/https:\/\/terrae-certifications.fr\/wp-content\/uploads\/2021\/06\/210525_Logo-Terrae-2000x1224-1.png","width":2000,"height":1224,"caption":"Terrae-certifications"},"image":{"@id":"https:\/\/terrae-certifications.fr\/#\/schema\/logo\/image\/"}}]}},"_links":{"self":[{"href":"https:\/\/terrae-certifications.fr\/wp-json\/wp\/v2\/pages\/875","targetHints":{"allow":["GET"]}}],"collection":[{"href":"https:\/\/terrae-certifications.fr\/wp-json\/wp\/v2\/pages"}],"about":[{"href":"https:\/\/terrae-certifications.fr\/wp-json\/wp\/v2\/types\/page"}],"author":[{"embeddable":true,"href":"https:\/\/terrae-certifications.fr\/wp-json\/wp\/v2\/users\/1"}],"replies":[{"embeddable":true,"href":"https:\/\/terrae-certifications.fr\/wp-json\/wp\/v2\/comments?post=875"}],"version-history":[{"count":1,"href":"https:\/\/terrae-certifications.fr\/wp-json\/wp\/v2\/pages\/875\/revisions"}],"predecessor-version":[{"id":1645,"href":"https:\/\/terrae-certifications.fr\/wp-json\/wp\/v2\/pages\/875\/revisions\/1645"}],"wp:attachment":[{"href":"https:\/\/terrae-certifications.fr\/wp-json\/wp\/v2\/media?parent=875"}],"curies":[{"name":"wp","href":"https:\/\/api.w.org\/{rel}","templated":true}]}}